{"id":209,"date":"2018-07-02T15:39:37","date_gmt":"2018-07-02T13:39:37","guid":{"rendered":"http:\/\/www.kristinehamn.efs.nu\/?page_id=209"},"modified":"2026-04-19T12:13:25","modified_gmt":"2026-04-19T10:13:25","slug":"inspelningar","status":"publish","type":"page","link":"https:\/\/www.kristinehamn.efs.nu\/?page_id=209","title":{"rendered":"Inspelningar"},"content":{"rendered":"&nbsp;\r\n<div class=\"wp-block-group\">\r\n<div class=\"wp-block-columns\">\r\n<div class=\"wp-block-column\" style=\"flex-basis: 100%;\"><details open=\"open\"><summary>Inspelningar &#8211; 2026<\/summary><a href=\"http:\/\/www.kristinehamn.efs.nu\/wp-content\/uploads\/2026\/01\/20260125-Bo-Nilsson.mp3\">20260125 Bo Nilsson<\/a>\r\n\r\n<a href=\"http:\/\/www.kristinehamn.efs.nu\/wp-content\/uploads\/2026\/02\/260201-Israel-Dejene-1-2.mp3\">260201 Israel Dejene<\/a>\r\n\r\n<a href=\"http:\/\/www.kristinehamn.efs.nu\/wp-content\/uploads\/2026\/02\/260208-Ingemar-Mattson.mp3\">260208 Ingemar Mattson<\/a>\r\n\r\n<a href=\"http:\/\/www.kristinehamn.efs.nu\/wp-content\/uploads\/2026\/02\/20260215-Tomas-Nilsson.mp3\">20260215 Tomas Nilsson<\/a>\r\n\r\n<a href=\"http:\/\/www.kristinehamn.efs.nu\/wp-content\/uploads\/2026\/02\/20260222-Gabriel-Tranefeldt.mp3\">20260222 Gabriel Tranefeldt<\/a>\r\n\r\n<a href=\"http:\/\/www.kristinehamn.efs.nu\/wp-content\/uploads\/2026\/03\/20260301-Marit-Hakansson.mp3\">20260301 Marit H\u00e5kansson<\/a>\r\n\r\n<a href=\"http:\/\/www.kristinehamn.efs.nu\/wp-content\/uploads\/2026\/03\/Tomas-Nilsson-260308.mp3\">Tomas Nilsson 260308<\/a>\r\n\r\n<a href=\"http:\/\/www.kristinehamn.efs.nu\/wp-content\/uploads\/2026\/03\/260315-Bo-Nilsson.mp3\">260315 Bo Nilsson<\/a>\r\n\r\n260321 F\u00f6rel\u00e4sning med KG Larsson: <a href=\"http:\/\/www.kristinehamn.efs.nu\/wp-content\/uploads\/2026\/03\/KG-Larsson-21-mars-del-1.mp3\">del 1<\/a> &amp; <a href=\"http:\/\/www.kristinehamn.efs.nu\/wp-content\/uploads\/2026\/03\/KG-Larsson-21-mars-del-2.mp3\">del 2<\/a>\r\n\r\n<a href=\"http:\/\/www.kristinehamn.efs.nu\/wp-content\/uploads\/2026\/03\/230322-KG-Larsson-predikan.mp3\">230322 Predikan KG Larsson<\/a>\r\n\r\n<a href=\"http:\/\/www.kristinehamn.efs.nu\/wp-content\/uploads\/2026\/04\/260403-Tomas-Nilsson-Langfredagen.mp3\">260403 Tomas Nilsson L\u00e5ngfredagen<\/a>\r\n<a href=\"http:\/\/www.kristinehamn.efs.nu\/wp-content\/uploads\/2026\/04\/20260412-Kristina-Stenmark.mp3\">20260412 Kristina Stenmark<\/a>\r\n\r\n<a href=\"http:\/\/www.kristinehamn.efs.nu\/wp-content\/uploads\/2026\/04\/260419-Tomas-Nilsson.mp3\">260419 Tomas Nilsson<\/a>\r\n\r\n<\/details>\r\n\r\n<details open=\"open\"><summary>Inspelningar &#8211; 2025<\/summary><a href=\"http:\/\/www.kristinehamn.efs.nu\/wp-content\/uploads\/2018\/07\/250106-Hanna-V\u00e4yrynen.mp3\">250106 Missionsgudstj\u00e4nst Del 1 Hanna V\u00e4yrynen <\/a>\r\n\r\n<a href=\"http:\/\/www.kristinehamn.efs.nu\/wp-content\/uploads\/2018\/07\/250106-Markku-V\u00e4yrynen.mp3\">250106 Missionsgudstj\u00e4nst Del 2 Markku V\u00e4yrynen<\/a>\r\n\r\n<a href=\"http:\/\/www.kristinehamn.efs.nu\/wp-content\/uploads\/2018\/07\/Tomas-20250112.mp3\">Tomas 20250112<\/a>\r\n\r\n<a href=\"http:\/\/www.kristinehamn.efs.nu\/wp-content\/uploads\/2018\/07\/20250126-Tomas-Nilsson.mp3\">20250126 Tomas Nilsson<\/a>\r\n\r\n<a href=\"http:\/\/www.kristinehamn.efs.nu\/wp-content\/uploads\/2018\/07\/20250202-Elias-Tranefeldt.mp3\">20250202 Elias Tranefeldt<\/a>\r\n\r\n<a href=\"http:\/\/www.kristinehamn.efs.nu\/wp-content\/uploads\/2018\/07\/250216-Tomas-Nilsson-\u00c5rsh\u00f6gtid.mp3\">250216 Tomas Nilsson \u00c5rsh\u00f6gtid<\/a>\r\n\r\n<a href=\"http:\/\/www.kristinehamn.efs.nu\/wp-content\/uploads\/2018\/07\/20250223-Bo-Nilsson.mp3\">20250223 Bo Nilsson<\/a>\r\n\r\n<a href=\"http:\/\/www.kristinehamn.efs.nu\/wp-content\/uploads\/2018\/07\/Etienne-20250302.mp3\">Etienne 20250302<\/a>\r\n\r\n<a href=\"http:\/\/www.kristinehamn.efs.nu\/wp-content\/uploads\/2018\/07\/Tomas-Nilsson-250309.mp3\">Tomas Nilsson 250309<\/a>\r\n\r\n<a href=\"http:\/\/www.kristinehamn.efs.nu\/wp-content\/uploads\/2018\/07\/20250316-Paulina-Nystr\u00f6m.mp3\">20250316 Paulina Nystr\u00f6m<\/a>\r\n\r\n<a href=\"http:\/\/www.kristinehamn.efs.nu\/wp-content\/uploads\/2018\/07\/20250323-Tomas-Nilsson.mp3\">20250323 Tomas Nilsson<\/a>\r\n\r\n<a href=\"http:\/\/www.kristinehamn.efs.nu\/wp-content\/uploads\/2018\/07\/250406-Tomas-Nilsson.mp3\">20250406 Tomas Nilsson<\/a>\r\n\r\n<a href=\"http:\/\/www.kristinehamn.efs.nu\/wp-content\/uploads\/2018\/07\/20250418-Tomas-Nilsson.mp3\">20250418 Tomas Nilsson<\/a>\r\n\r\n<a href=\"http:\/\/www.kristinehamn.efs.nu\/wp-content\/uploads\/2018\/07\/Mattias-Lundqvist-250427.mp3\">Mattias Lundqvist 250427<\/a>\r\n\r\n<a href=\"http:\/\/www.kristinehamn.efs.nu\/wp-content\/uploads\/2018\/07\/250504-Tomas-Nilsson.mp3\">250504 Tomas Nilsson<\/a>\r\n\r\n<a href=\"http:\/\/www.kristinehamn.efs.nu\/wp-content\/uploads\/2018\/07\/Tomas-Nilsson-250511.mp3\">Tomas Nilsson 250511<\/a>\r\n\r\n<a href=\"http:\/\/www.kristinehamn.efs.nu\/wp-content\/uploads\/2018\/07\/Ingemar-Matsson-250601.mp3\">Ingemar Matsson 250601<\/a>\r\n\r\n<a href=\"http:\/\/www.kristinehamn.efs.nu\/wp-content\/uploads\/2018\/07\/250615-Tomas-Nilsson.mp3\">250615 Tomas Nilsson<\/a>\r\n\r\n<a href=\"http:\/\/www.kristinehamn.efs.nu\/wp-content\/uploads\/2018\/07\/20250629-Bo-Nilsson.mp3\">20250629 Bo Nilsson<\/a>\r\n\r\n<a href=\"http:\/\/www.kristinehamn.efs.nu\/wp-content\/uploads\/2025\/07\/Tomas-Nilsson-250706.mp3\">Tomas Nilsson 250706<\/a>\r\n\r\n<a href=\"http:\/\/www.kristinehamn.efs.nu\/wp-content\/uploads\/2018\/07\/20250720-Ulf-Ek\u00e4ngen-m.-Bosse-Jorun-och-Calle.mp3\">20250720 Ulf Ek\u00e4ngen m. Bosse, Jorun och Calle<\/a>\r\n\r\n<a href=\"http:\/\/www.kristinehamn.efs.nu\/wp-content\/uploads\/2018\/07\/20250824-Tomas-Nilsson.mp3\">20250824 Tomas Nilsson<\/a>\r\n\r\n<a href=\"http:\/\/www.kristinehamn.efs.nu\/wp-content\/uploads\/2018\/07\/20250907-Bo-Nilsson.mp3\">20250907 Bo Nilsson<\/a>\r\n\r\n<a href=\"http:\/\/www.kristinehamn.efs.nu\/wp-content\/uploads\/2018\/07\/191025-Theo-Amneus.mp3\">20251019 Theo Amneus<\/a>\r\n\r\n<a href=\"http:\/\/www.kristinehamn.efs.nu\/wp-content\/uploads\/2025\/10\/Tomas-Nilsson-251026.mp3\">Tomas Nilsson 251026<\/a>\r\n\r\n<a href=\"http:\/\/www.kristinehamn.efs.nu\/wp-content\/uploads\/2018\/07\/251102-Ulf-Ek\u00e4ngen.mp3\">251102 Ulf Ek\u00e4ngen<\/a>\r\n\r\n<a href=\"http:\/\/www.kristinehamn.efs.nu\/wp-content\/uploads\/2018\/07\/20251109-Etien.mp3\">20251109 Etien<\/a>\r\n\r\n<a href=\"http:\/\/www.kristinehamn.efs.nu\/wp-content\/uploads\/2018\/07\/20251116-Mikael-Landgren.mp3\">20251116 Mikael Landgren<\/a>\r\n\r\n<a href=\"http:\/\/www.kristinehamn.efs.nu\/wp-content\/uploads\/2018\/07\/251123-Ingemar-Matsson.mp3\">251123 Ingemar Matsson<\/a>\r\n\r\n<a href=\"http:\/\/www.kristinehamn.efs.nu\/wp-content\/uploads\/2018\/07\/Tomas-Nilsson-251130.mp3\">Tomas Nilsson 251130<\/a>\r\n\r\n<a href=\"http:\/\/www.kristinehamn.efs.nu\/wp-content\/uploads\/2018\/07\/251221-Anton-Renstr\u00f6m.mp3\">251221 Anton Renstr\u00f6m<\/a>\r\n\r\n<a href=\"http:\/\/www.kristinehamn.efs.nu\/wp-content\/uploads\/2018\/07\/20251225-Tomas-Nilsson.mp3\">20251225 Tomas Nilsson<\/a>\r\n\r\n<\/details><!-- \/wp:post-content -->\r\n\r\n<\/div>\r\n<\/div>\r\n<\/div><!-- \/wp:freeform -->","protected":false},"excerpt":{"rendered":"<p>&nbsp; Inspelningar &#8211; 2026 20260125 Bo Nilsson 260201 Israel Dejene 260208 Ingemar Mattson 20260215 Tomas Nilsson 20260222 Gabriel Tranefeldt 20260301 Marit H\u00e5kansson Tomas Nilsson 260308 260315 Bo Nilsson 260321 F\u00f6rel\u00e4sning med KG Larsson: del 1 &amp; del 2 230322 Predikan KG Larsson 260403 Tomas Nilsson L\u00e5ngfredagen 20260412 Kristina Stenmark 260419 Tomas Nilsson Inspelningar &#8211; 2025 &hellip; <\/p>\n<p class=\"link-more\"><a href=\"https:\/\/www.kristinehamn.efs.nu\/?page_id=209\" class=\"more-link\">Forts\u00e4tt l\u00e4sa<span class=\"screen-reader-text\"> \u201dInspelningar\u201d<\/span><\/a><\/p>\n","protected":false},"author":1,"featured_media":0,"parent":0,"menu_order":6,"comment_status":"closed","ping_status":"closed","template":"","meta":{"footnotes":""},"class_list":["post-209","page","type-page","status-publish","hentry"],"_links":{"self":[{"href":"https:\/\/www.kristinehamn.efs.nu\/index.php?rest_route=\/wp\/v2\/pages\/209","targetHints":{"allow":["GET"]}}],"collection":[{"href":"https:\/\/www.kristinehamn.efs.nu\/index.php?rest_route=\/wp\/v2\/pages"}],"about":[{"href":"https:\/\/www.kristinehamn.efs.nu\/index.php?rest_route=\/wp\/v2\/types\/page"}],"author":[{"embeddable":true,"href":"https:\/\/www.kristinehamn.efs.nu\/index.php?rest_route=\/wp\/v2\/users\/1"}],"replies":[{"embeddable":true,"href":"https:\/\/www.kristinehamn.efs.nu\/index.php?rest_route=%2Fwp%2Fv2%2Fcomments&post=209"}],"version-history":[{"count":553,"href":"https:\/\/www.kristinehamn.efs.nu\/index.php?rest_route=\/wp\/v2\/pages\/209\/revisions"}],"predecessor-version":[{"id":1677,"href":"https:\/\/www.kristinehamn.efs.nu\/index.php?rest_route=\/wp\/v2\/pages\/209\/revisions\/1677"}],"wp:attachment":[{"href":"https:\/\/www.kristinehamn.efs.nu\/index.php?rest_route=%2Fwp%2Fv2%2Fmedia&parent=209"}],"curies":[{"name":"wp","href":"https:\/\/api.w.org\/{rel}","templated":true}]}}