{"id":25,"date":"2017-04-10T19:42:07","date_gmt":"2017-04-10T17:42:07","guid":{"rendered":"http:\/\/www.kristinehamn.efs.nu\/?page_id=25"},"modified":"2026-03-31T08:44:56","modified_gmt":"2026-03-31T06:44:56","slug":"program","status":"publish","type":"page","link":"https:\/\/www.kristinehamn.efs.nu\/?page_id=25","title":{"rendered":"Program"},"content":{"rendered":"<h2>\u00a0<strong>B\u00d6N<\/strong><\/h2>\n<p>Tisdagar kl. 10.00 i Betlehemskyrkan<\/p>\n<p>Fredagar kl. 10.00 i Betlehemskyrkan<\/p>\n<h2><strong>JANUARI<\/strong><\/h2>\n<p>Fredag 23\/1 kl. 19.00 Fredagsh\u00e4ng<\/p>\n<p>S\u00f6ndag 25\/1 kl. 11.00 Gudstj\u00e4nst, Bo Nilsson<\/p>\n<h2><strong>FEBRUARI<\/strong><\/h2>\n<p>S\u00f6ndag 1\/2 kl. 11.00 Gudstj\u00e4nst, Israel Dejene, Etiopien<\/p>\n<p>Fredag 6\/2 kl. 19.00 Fredagsh\u00e4ng<\/p>\n<p>S\u00f6ndag 8\/2 kl. 11.00 Gudstj\u00e4nst, Ingemar Mattson<\/p>\n<p>L\u00f6rdag 14\/2 kl. 15.00 \u00c5rsm\u00f6te<\/p>\n<p>S\u00f6ndag 15\/2 kl. 11.00 \u00c5rsh\u00f6gtid med nattvard, Tomas Nilsson<\/p>\n<p>Fredag 20\/2 kl. 19.00 Fredagsh\u00e4ng<\/p>\n<p>S\u00f6ndag 22\/2 kl. 11.00 Gudstj\u00e4nst, Gabriel Tranefeldt<\/p>\n<h2><strong>MARS<\/strong><\/h2>\n<p>S\u00f6ndag 1\/3 kl. 11.00 Gudstj\u00e4nst, Mikael och Marit H\u00e5kansson<\/p>\n<p>Fredag 6\/3 kl. 19.00 Fredagsh\u00e4ng<\/p>\n<p>S\u00f6ndag 8\/3 kl.11.00 Gudstj\u00e4nst med nattvard, Tomas Nilsson<\/p>\n<p>S\u00f6ndag 15\/3 kl. 11.00 Gudstj\u00e4nst, Bo Nilsson. <em>Utg\u00e5ngskollekt Hela M\u00e4nniskan RIA<\/em><\/p>\n<p>Fredag 20\/3 kl. 19.00 Fredagsh\u00e4ng<\/p>\n<p>L\u00f6rdag 21\/3 kl. 16.00 Guds m\u00e4ktiga verk, KG Larsson<\/p>\n<p>L\u00f6rdag 21\/3 kl. 18.00 Guds m\u00e4ktiga verk, KG Larsson<\/p>\n<p>S\u00f6ndag 22\/3 kl. 11.00 Gudstj\u00e4nst, KG Larsson<\/p>\n<p>S\u00f6ndag 29\/3 kl. 11.00 Familjegudstj\u00e4nst<\/p>\n<h2><strong>APRIL<\/strong><\/h2>\n<p>Fredag 3\/4 kl.11.00 Gudstj\u00e4nst tillsammans med Pingstkyrkan, Tomas Nilsson<\/p>\n<p>Fredag 3\/4 kl. 19.00 Fredagsh\u00e4ng<\/p>\n<p>S\u00f6ndag 5\/4 kl. 11.00 P\u00e5skdagsgudstj\u00e4nst, Kristinehamns kyrka<\/p>\n<p>S\u00f6ndag 12\/4 kl. 11.00 Gudstj\u00e4nst, Kristina Stenmark<\/p>\n<p>Fredag 17\/4 kl. 19.00 Fredagsh\u00e4ng<\/p>\n<p>S\u00f6ndag 19\/4 kl. 11.00 Gudstj\u00e4nst med nattvard, Tomas Nilsson. <em>Utg\u00e5ngskollekt Sandvikeng\u00e5rden<\/em><\/p>\n<p>S\u00f6ndag 26\/4 kl. 11.00 Gudstj\u00e4nst med k\u00f6ren Stella<\/p>\n<p>&nbsp;<\/p>\n<p>&nbsp;<\/p>\n<p>&nbsp;<\/p>\n<p>&nbsp;<\/p>\n<p>&nbsp;<\/p>\n<p>&nbsp;<\/p>\n<p>&nbsp;<\/p>\n<h2><strong>\u00a0<\/strong><\/h2>\n<p>&nbsp;<\/p>\n<h2><strong>\u00a0<\/strong><\/h2>\n<h2><strong>\u00a0<\/strong><\/h2>\n<h2><strong>\u00a0<\/strong><\/h2>\n<p>&nbsp;<\/p>\n<p>&nbsp;<\/p>\n<p>&nbsp;<\/p>\n<p>&nbsp;<\/p>\n<p>&nbsp;<\/p>\n<p>&nbsp;<\/p>\n<p>&nbsp;<\/p>\n<p>&nbsp;<\/p>\n<p>&nbsp;<\/p>\n<h2><strong>\u00a0<\/strong><\/h2>\n<p>&nbsp;<\/p>\n<p>&nbsp;<\/p>\n<p>&nbsp;<\/p>\n<p>&nbsp;<\/p>\n<p>&nbsp;<\/p>\n<p>&nbsp;<\/p>\n<p>&nbsp;<\/p>\n<p>&nbsp;<\/p>\n<p>&nbsp;<\/p>\n<p>&nbsp;<\/p>\n<p>&nbsp;<\/p>\n","protected":false},"excerpt":{"rendered":"<p>\u00a0B\u00d6N Tisdagar kl. 10.00 i Betlehemskyrkan Fredagar kl. 10.00 i Betlehemskyrkan JANUARI Fredag 23\/1 kl. 19.00 Fredagsh\u00e4ng S\u00f6ndag 25\/1 kl. 11.00 Gudstj\u00e4nst, Bo Nilsson FEBRUARI S\u00f6ndag 1\/2 kl. 11.00 Gudstj\u00e4nst, Israel Dejene, Etiopien Fredag 6\/2 kl. 19.00 Fredagsh\u00e4ng S\u00f6ndag 8\/2 kl. 11.00 Gudstj\u00e4nst, Ingemar Mattson L\u00f6rdag 14\/2 kl. 15.00 \u00c5rsm\u00f6te S\u00f6ndag 15\/2 kl. 11.00 \u00c5rsh\u00f6gtid &hellip; <\/p>\n<p class=\"link-more\"><a href=\"https:\/\/www.kristinehamn.efs.nu\/?page_id=25\" class=\"more-link\">Forts\u00e4tt l\u00e4sa<span class=\"screen-reader-text\"> \u201dProgram\u201d<\/span><\/a><\/p>\n","protected":false},"author":1,"featured_media":0,"parent":0,"menu_order":2,"comment_status":"closed","ping_status":"closed","template":"","meta":{"footnotes":""},"class_list":["post-25","page","type-page","status-publish","hentry"],"_links":{"self":[{"href":"https:\/\/www.kristinehamn.efs.nu\/index.php?rest_route=\/wp\/v2\/pages\/25","targetHints":{"allow":["GET"]}}],"collection":[{"href":"https:\/\/www.kristinehamn.efs.nu\/index.php?rest_route=\/wp\/v2\/pages"}],"about":[{"href":"https:\/\/www.kristinehamn.efs.nu\/index.php?rest_route=\/wp\/v2\/types\/page"}],"author":[{"embeddable":true,"href":"https:\/\/www.kristinehamn.efs.nu\/index.php?rest_route=\/wp\/v2\/users\/1"}],"replies":[{"embeddable":true,"href":"https:\/\/www.kristinehamn.efs.nu\/index.php?rest_route=%2Fwp%2Fv2%2Fcomments&post=25"}],"version-history":[{"count":198,"href":"https:\/\/www.kristinehamn.efs.nu\/index.php?rest_route=\/wp\/v2\/pages\/25\/revisions"}],"predecessor-version":[{"id":1670,"href":"https:\/\/www.kristinehamn.efs.nu\/index.php?rest_route=\/wp\/v2\/pages\/25\/revisions\/1670"}],"wp:attachment":[{"href":"https:\/\/www.kristinehamn.efs.nu\/index.php?rest_route=%2Fwp%2Fv2%2Fmedia&parent=25"}],"curies":[{"name":"wp","href":"https:\/\/api.w.org\/{rel}","templated":true}]}}