{"id":46,"date":"2017-04-10T19:56:14","date_gmt":"2017-04-10T17:56:14","guid":{"rendered":"http:\/\/www.kristinehamn.efs.nu\/?page_id=46"},"modified":"2017-05-30T14:19:48","modified_gmt":"2017-05-30T12:19:48","slug":"om-oss","status":"publish","type":"page","link":"https:\/\/www.kristinehamn.efs.nu\/?page_id=46","title":{"rendered":"Om oss"},"content":{"rendered":"<h1 class=\"_3-8w\" style=\"text-align: center;\">V\u00e4lkommen!<\/h1>\n<div class=\"_3-8w\" style=\"text-align: center;\">Betlehemskyrkan i Kristinehamn \u00e4r en Efs-f\u00f6rsamling inom Svenska kyrkan med betoning p\u00e5 mission, lekmannaengagemang och vardagskristendom.<\/div>\n<div class=\"_3-8w\">\n<div class=\"_4wyf\" style=\"text-align: center;\">Vi i Betlehemskyrkan v\u00e4lkomnar dig till v\u00e5ra samlingar, gudstj\u00e4nster, b\u00f6ner, kristendomsundervisning samt andra tr\u00e4ffar.<br \/>\nBibel, b\u00f6n och en varm gemenskap \u00e4r det vi i f\u00f6rsamlingen brinner f\u00f6r.<br \/>\nEn fungerande och stark ekumenik mellan alla kristna kyrkor i Kristinehamn \u00e4r ocks\u00e5 n\u00e5got vi str\u00e4var efter och arbetar f\u00f6r.<\/div>\n<div class=\"_4wyf\" style=\"text-align: center;\"><\/div>\n<div class=\"_4wyf\" style=\"text-align: center;\"><\/div>\n<div class=\"_4wyf\" style=\"text-align: center;\">Bes\u00f6k oss ocks\u00e5 g\u00e4rna p\u00e5 Facebook:<\/div>\n<div class=\"_4wyf\" style=\"text-align: center;\"><a href=\"https:\/\/www.facebook.com\/efs0betlehemskyrkan\/?fref=ts\">EFS Betlehemskyrkan Kristinehamn<\/a><\/div>\n<div class=\"_4wyf\" style=\"text-align: center;\"><\/div>\n<div class=\"_4wyf\" style=\"text-align: center;\"><\/div>\n<\/div>\n<blockquote><p><img loading=\"lazy\" decoding=\"async\" class=\"size-medium wp-image-82 aligncenter\" src=\"http:\/\/www.kristinehamn.efs.nu\/wp-content\/uploads\/2017\/04\/BetlehemskyrkanKhamn-red-300x264.jpg\" alt=\"\" width=\"300\" height=\"264\" srcset=\"https:\/\/www.kristinehamn.efs.nu\/wp-content\/uploads\/2017\/04\/BetlehemskyrkanKhamn-red-300x264.jpg 300w, https:\/\/www.kristinehamn.efs.nu\/wp-content\/uploads\/2017\/04\/BetlehemskyrkanKhamn-red-768x675.jpg 768w, https:\/\/www.kristinehamn.efs.nu\/wp-content\/uploads\/2017\/04\/BetlehemskyrkanKhamn-red-1024x900.jpg 1024w, https:\/\/www.kristinehamn.efs.nu\/wp-content\/uploads\/2017\/04\/BetlehemskyrkanKhamn-red.jpg 1905w\" sizes=\"auto, (max-width: 300px) 100vw, 300px\" \/><\/p>\n<div class=\"_4wyf\" style=\"padding-left: 120px;\"><\/div>\n<\/blockquote>\n<div class=\"_4wyf\">\n<blockquote>\n<div class=\"_3-8w\" style=\"text-align: center;\"><\/div>\n<div class=\"_3-8w\" style=\"text-align: center;\"><strong>Betlehemskyrkans vision \u00e4r att m\u00e4nniskor kommer till tro p\u00e5 Jesus Kristus, f\u00f6rdjupas i tro, finner gemenskap och kommer i funktion i Kristi kropp.<\/strong><\/div>\n<\/blockquote>\n<\/div>\n","protected":false},"excerpt":{"rendered":"<p>V\u00e4lkommen! Betlehemskyrkan i Kristinehamn \u00e4r en Efs-f\u00f6rsamling inom Svenska kyrkan med betoning p\u00e5 mission, lekmannaengagemang och vardagskristendom. Vi i Betlehemskyrkan v\u00e4lkomnar dig till v\u00e5ra samlingar, gudstj\u00e4nster, b\u00f6ner, kristendomsundervisning samt andra tr\u00e4ffar. Bibel, b\u00f6n och en varm gemenskap \u00e4r det vi i f\u00f6rsamlingen brinner f\u00f6r. En fungerande och stark ekumenik mellan alla kristna kyrkor i Kristinehamn &hellip; <\/p>\n<p class=\"link-more\"><a href=\"https:\/\/www.kristinehamn.efs.nu\/?page_id=46\" class=\"more-link\">Forts\u00e4tt l\u00e4sa<span class=\"screen-reader-text\"> \u201dOm oss\u201d<\/span><\/a><\/p>\n","protected":false},"author":1,"featured_media":0,"parent":0,"menu_order":0,"comment_status":"open","ping_status":"closed","template":"","meta":{"footnotes":""},"class_list":["post-46","page","type-page","status-publish","hentry"],"_links":{"self":[{"href":"https:\/\/www.kristinehamn.efs.nu\/index.php?rest_route=\/wp\/v2\/pages\/46","targetHints":{"allow":["GET"]}}],"collection":[{"href":"https:\/\/www.kristinehamn.efs.nu\/index.php?rest_route=\/wp\/v2\/pages"}],"about":[{"href":"https:\/\/www.kristinehamn.efs.nu\/index.php?rest_route=\/wp\/v2\/types\/page"}],"author":[{"embeddable":true,"href":"https:\/\/www.kristinehamn.efs.nu\/index.php?rest_route=\/wp\/v2\/users\/1"}],"replies":[{"embeddable":true,"href":"https:\/\/www.kristinehamn.efs.nu\/index.php?rest_route=%2Fwp%2Fv2%2Fcomments&post=46"}],"version-history":[{"count":17,"href":"https:\/\/www.kristinehamn.efs.nu\/index.php?rest_route=\/wp\/v2\/pages\/46\/revisions"}],"predecessor-version":[{"id":140,"href":"https:\/\/www.kristinehamn.efs.nu\/index.php?rest_route=\/wp\/v2\/pages\/46\/revisions\/140"}],"wp:attachment":[{"href":"https:\/\/www.kristinehamn.efs.nu\/index.php?rest_route=%2Fwp%2Fv2%2Fmedia&parent=46"}],"curies":[{"name":"wp","href":"https:\/\/api.w.org\/{rel}","templated":true}]}}